{"id":6379,"date":"2019-11-25T14:24:49","date_gmt":"2019-11-25T14:24:49","guid":{"rendered":"https:\/\/www.fundacioromea.com\/home\/"},"modified":"2026-04-21T07:18:42","modified_gmt":"2026-04-21T07:18:42","slug":"home","status":"publish","type":"page","link":"https:\/\/www.fundacioromea.com\/es\/","title":{"rendered":"Home"},"content":{"rendered":"","protected":false},"excerpt":{"rendered":"","protected":false},"author":1,"featured_media":0,"parent":0,"menu_order":0,"comment_status":"closed","ping_status":"closed","template":"page-templates\/home.php","meta":{"_acf_changed":false,"footnotes":""},"class_list":["post-6379","page","type-page","status-publish","hentry"],"acf":[],"yoast_head":"<!-- This site is optimized with the Yoast SEO plugin v27.5 - https:\/\/yoast.com\/product\/yoast-seo-wordpress\/ -->\n<title>Fundaci\u00f3n Romea para las Artes Esc\u00e9nicas<\/title>\n<meta name=\"description\" content=\"La Fundaci\u00f3n Romea para las Artes Esc\u00e9nicas es una entidad privada sin \u00e1nimo de lucro creada con la voluntad de promover el sector de las artes esc\u00e9nicas mediante actividades que fomenten, principalmente, el debate y la reflexi\u00f3n alrededor del hecho cultual y teatral, el soporte a la nueva dramaturgia, la formaci\u00f3n y la investigaci\u00f3n de las artes esc\u00e9nicas.\" \/>\n<meta name=\"robots\" content=\"index, follow, max-snippet:-1, max-image-preview:large, max-video-preview:-1\" \/>\n<link rel=\"canonical\" href=\"https:\/\/www.fundacioromea.com\/es\/\" \/>\n<meta property=\"og:locale\" content=\"es_ES\" \/>\n<meta property=\"og:type\" content=\"article\" \/>\n<meta property=\"og:title\" content=\"Fundaci\u00f3n Romea para las Artes Esc\u00e9nicas\" \/>\n<meta property=\"og:description\" content=\"La Fundaci\u00f3n Romea para las Artes Esc\u00e9nicas es una entidad privada sin \u00e1nimo de lucro creada con la voluntad de promover el sector de las artes esc\u00e9nicas mediante actividades que fomenten, principalmente, el debate y la reflexi\u00f3n alrededor del hecho cultual y teatral, el soporte a la nueva dramaturgia, la formaci\u00f3n y la investigaci\u00f3n de las artes esc\u00e9nicas.\" \/>\n<meta property=\"og:url\" content=\"https:\/\/www.fundacioromea.com\/es\/\" \/>\n<meta property=\"og:site_name\" content=\"Fundaci\u00f3 Romea\" \/>\n<meta property=\"article:modified_time\" content=\"2026-04-21T07:18:42+00:00\" \/>\n<meta name=\"twitter:card\" content=\"summary_large_image\" \/>\n<meta name=\"twitter:label1\" content=\"Tiempo de lectura\" \/>\n\t<meta name=\"twitter:data1\" content=\"1 minuto\" \/>\n<script type=\"application\/ld+json\" class=\"yoast-schema-graph\">{\"@context\":\"https:\\\/\\\/schema.org\",\"@graph\":[{\"@type\":\"WebPage\",\"@id\":\"https:\\\/\\\/www.fundacioromea.com\\\/es\\\/\",\"url\":\"https:\\\/\\\/www.fundacioromea.com\\\/es\\\/\",\"name\":\"Fundaci\u00f3n Romea para las Artes Esc\u00e9nicas\",\"isPartOf\":{\"@id\":\"https:\\\/\\\/www.fundacioromea.com\\\/es\\\/#website\"},\"datePublished\":\"2019-11-25T14:24:49+00:00\",\"dateModified\":\"2026-04-21T07:18:42+00:00\",\"description\":\"La Fundaci\u00f3n Romea para las Artes Esc\u00e9nicas es una entidad privada sin \u00e1nimo de lucro creada con la voluntad de promover el sector de las artes esc\u00e9nicas mediante actividades que fomenten, principalmente, el debate y la reflexi\u00f3n alrededor del hecho cultual y teatral, el soporte a la nueva dramaturgia, la formaci\u00f3n y la investigaci\u00f3n de las artes esc\u00e9nicas.\",\"breadcrumb\":{\"@id\":\"https:\\\/\\\/www.fundacioromea.com\\\/es\\\/#breadcrumb\"},\"inLanguage\":\"es\",\"potentialAction\":[{\"@type\":\"ReadAction\",\"target\":[\"https:\\\/\\\/www.fundacioromea.com\\\/es\\\/\"]}]},{\"@type\":\"BreadcrumbList\",\"@id\":\"https:\\\/\\\/www.fundacioromea.com\\\/es\\\/#breadcrumb\",\"itemListElement\":[{\"@type\":\"ListItem\",\"position\":1,\"name\":\"Home\",\"item\":\"https:\\\/\\\/www.fundacioromea.com\\\/es\\\/\"},{\"@type\":\"ListItem\",\"position\":2,\"name\":\"Home\"}]},{\"@type\":\"WebSite\",\"@id\":\"https:\\\/\\\/www.fundacioromea.com\\\/es\\\/#website\",\"url\":\"https:\\\/\\\/www.fundacioromea.com\\\/es\\\/\",\"name\":\"Fundaci\u00f3 Romea\",\"description\":\"\",\"publisher\":{\"@id\":\"https:\\\/\\\/www.fundacioromea.com\\\/es\\\/#organization\"},\"potentialAction\":[{\"@type\":\"SearchAction\",\"target\":{\"@type\":\"EntryPoint\",\"urlTemplate\":\"https:\\\/\\\/www.fundacioromea.com\\\/es\\\/?s={search_term_string}\"},\"query-input\":{\"@type\":\"PropertyValueSpecification\",\"valueRequired\":true,\"valueName\":\"search_term_string\"}}],\"inLanguage\":\"es\"},{\"@type\":\"Organization\",\"@id\":\"https:\\\/\\\/www.fundacioromea.com\\\/es\\\/#organization\",\"name\":\"FUNDACI\u00d3 ROMEA PER A LES ARTS ESC\u00c8NIQUES\",\"url\":\"https:\\\/\\\/www.fundacioromea.com\\\/es\\\/\",\"logo\":{\"@type\":\"ImageObject\",\"inLanguage\":\"es\",\"@id\":\"https:\\\/\\\/www.fundacioromea.com\\\/es\\\/#\\\/schema\\\/logo\\\/image\\\/\",\"url\":\"https:\\\/\\\/www.fundacioromea.com\\\/wp-content\\\/uploads\\\/2019\\\/12\\\/logo-fundacio-romea_black.svg\",\"contentUrl\":\"https:\\\/\\\/www.fundacioromea.com\\\/wp-content\\\/uploads\\\/2019\\\/12\\\/logo-fundacio-romea_black.svg\",\"width\":1,\"height\":1,\"caption\":\"FUNDACI\u00d3 ROMEA PER A LES ARTS ESC\u00c8NIQUES\"},\"image\":{\"@id\":\"https:\\\/\\\/www.fundacioromea.com\\\/es\\\/#\\\/schema\\\/logo\\\/image\\\/\"}}]}<\/script>\n<!-- \/ Yoast SEO plugin. -->","yoast_head_json":{"title":"Fundaci\u00f3n Romea para las Artes Esc\u00e9nicas","description":"La Fundaci\u00f3n Romea para las Artes Esc\u00e9nicas es una entidad privada sin \u00e1nimo de lucro creada con la voluntad de promover el sector de las artes esc\u00e9nicas mediante actividades que fomenten, principalmente, el debate y la reflexi\u00f3n alrededor del hecho cultual y teatral, el soporte a la nueva dramaturgia, la formaci\u00f3n y la investigaci\u00f3n de las artes esc\u00e9nicas.","robots":{"index":"index","follow":"follow","max-snippet":"max-snippet:-1","max-image-preview":"max-image-preview:large","max-video-preview":"max-video-preview:-1"},"canonical":"https:\/\/www.fundacioromea.com\/es\/","og_locale":"es_ES","og_type":"article","og_title":"Fundaci\u00f3n Romea para las Artes Esc\u00e9nicas","og_description":"La Fundaci\u00f3n Romea para las Artes Esc\u00e9nicas es una entidad privada sin \u00e1nimo de lucro creada con la voluntad de promover el sector de las artes esc\u00e9nicas mediante actividades que fomenten, principalmente, el debate y la reflexi\u00f3n alrededor del hecho cultual y teatral, el soporte a la nueva dramaturgia, la formaci\u00f3n y la investigaci\u00f3n de las artes esc\u00e9nicas.","og_url":"https:\/\/www.fundacioromea.com\/es\/","og_site_name":"Fundaci\u00f3 Romea","article_modified_time":"2026-04-21T07:18:42+00:00","twitter_card":"summary_large_image","twitter_misc":{"Tiempo de lectura":"1 minuto"},"schema":{"@context":"https:\/\/schema.org","@graph":[{"@type":"WebPage","@id":"https:\/\/www.fundacioromea.com\/es\/","url":"https:\/\/www.fundacioromea.com\/es\/","name":"Fundaci\u00f3n Romea para las Artes Esc\u00e9nicas","isPartOf":{"@id":"https:\/\/www.fundacioromea.com\/es\/#website"},"datePublished":"2019-11-25T14:24:49+00:00","dateModified":"2026-04-21T07:18:42+00:00","description":"La Fundaci\u00f3n Romea para las Artes Esc\u00e9nicas es una entidad privada sin \u00e1nimo de lucro creada con la voluntad de promover el sector de las artes esc\u00e9nicas mediante actividades que fomenten, principalmente, el debate y la reflexi\u00f3n alrededor del hecho cultual y teatral, el soporte a la nueva dramaturgia, la formaci\u00f3n y la investigaci\u00f3n de las artes esc\u00e9nicas.","breadcrumb":{"@id":"https:\/\/www.fundacioromea.com\/es\/#breadcrumb"},"inLanguage":"es","potentialAction":[{"@type":"ReadAction","target":["https:\/\/www.fundacioromea.com\/es\/"]}]},{"@type":"BreadcrumbList","@id":"https:\/\/www.fundacioromea.com\/es\/#breadcrumb","itemListElement":[{"@type":"ListItem","position":1,"name":"Home","item":"https:\/\/www.fundacioromea.com\/es\/"},{"@type":"ListItem","position":2,"name":"Home"}]},{"@type":"WebSite","@id":"https:\/\/www.fundacioromea.com\/es\/#website","url":"https:\/\/www.fundacioromea.com\/es\/","name":"Fundaci\u00f3 Romea","description":"","publisher":{"@id":"https:\/\/www.fundacioromea.com\/es\/#organization"},"potentialAction":[{"@type":"SearchAction","target":{"@type":"EntryPoint","urlTemplate":"https:\/\/www.fundacioromea.com\/es\/?s={search_term_string}"},"query-input":{"@type":"PropertyValueSpecification","valueRequired":true,"valueName":"search_term_string"}}],"inLanguage":"es"},{"@type":"Organization","@id":"https:\/\/www.fundacioromea.com\/es\/#organization","name":"FUNDACI\u00d3 ROMEA PER A LES ARTS ESC\u00c8NIQUES","url":"https:\/\/www.fundacioromea.com\/es\/","logo":{"@type":"ImageObject","inLanguage":"es","@id":"https:\/\/www.fundacioromea.com\/es\/#\/schema\/logo\/image\/","url":"https:\/\/www.fundacioromea.com\/wp-content\/uploads\/2019\/12\/logo-fundacio-romea_black.svg","contentUrl":"https:\/\/www.fundacioromea.com\/wp-content\/uploads\/2019\/12\/logo-fundacio-romea_black.svg","width":1,"height":1,"caption":"FUNDACI\u00d3 ROMEA PER A LES ARTS ESC\u00c8NIQUES"},"image":{"@id":"https:\/\/www.fundacioromea.com\/es\/#\/schema\/logo\/image\/"}}]}},"_links":{"self":[{"href":"https:\/\/www.fundacioromea.com\/es\/wp-json\/wp\/v2\/pages\/6379","targetHints":{"allow":["GET"]}}],"collection":[{"href":"https:\/\/www.fundacioromea.com\/es\/wp-json\/wp\/v2\/pages"}],"about":[{"href":"https:\/\/www.fundacioromea.com\/es\/wp-json\/wp\/v2\/types\/page"}],"author":[{"embeddable":true,"href":"https:\/\/www.fundacioromea.com\/es\/wp-json\/wp\/v2\/users\/1"}],"replies":[{"embeddable":true,"href":"https:\/\/www.fundacioromea.com\/es\/wp-json\/wp\/v2\/comments?post=6379"}],"version-history":[{"count":112,"href":"https:\/\/www.fundacioromea.com\/es\/wp-json\/wp\/v2\/pages\/6379\/revisions"}],"predecessor-version":[{"id":16719,"href":"https:\/\/www.fundacioromea.com\/es\/wp-json\/wp\/v2\/pages\/6379\/revisions\/16719"}],"wp:attachment":[{"href":"https:\/\/www.fundacioromea.com\/es\/wp-json\/wp\/v2\/media?parent=6379"}],"curies":[{"name":"wp","href":"https:\/\/api.w.org\/{rel}","templated":true}]}}